{"id":663,"date":"2025-08-27T21:01:36","date_gmt":"2025-08-27T18:01:36","guid":{"rendered":"https:\/\/yotstore.eu\/?post_type=product&#038;p=663"},"modified":"2026-04-13T19:18:53","modified_gmt":"2026-04-13T16:18:53","slug":"small-backpack-beige-corduroy","status":"publish","type":"product","link":"https:\/\/yotstore.eu\/lv\/small-backpack-beige-corduroy\/","title":{"rendered":"small backpack | beige corduroy"},"content":{"rendered":"","protected":false},"excerpt":{"rendered":"<p class=\"p1\">YOT mugursomas, ko rad\u012bju\u0161i \u012bsti vec\u0101ki un p\u0101rbaud\u012bju\u0161i \u012bsti b\u0113rni un \u0123imenes, ir ide\u0101la izm\u0113ra b\u0113rnud\u0101rzam, nodarb\u012bb\u0101m, aktivit\u0101t\u0113m, izbraukumiem un rota\u013cu reiz\u0113m! Apvienojot unik\u0101lu, ar roku z\u012bm\u0113tu stilu ar komfortu un dro\u0161\u012bbu, t\u0101s ir rad\u012btas, lai visas svar\u012bg\u0101k\u0101s lietas b\u016btu sak\u0101rtotas un sausas ikvienam piedz\u012bvojumam.<\/p>\n<p class=\"p1\">Mekl\u0113jat lielisku, unik\u0101lu d\u0101vanu? M\u016bsu individu\u0101l\u0101s iz\u0161\u016b\u0161anas pakalpojums nodro\u0161ina nevainojami personisku piesk\u0101rienu. M\u0113s izmantojam ekspertu \u0161\u016b\u0161anas tehnikas Latvij\u0101 un visiztur\u012bg\u0101kos, kvalitat\u012bv\u0101kos diegus, lai nodro\u0161in\u0101tu, ka j\u016bsu piel\u0101gotais teksts ir ne tikai skaists, bet ar\u012b izcils, ilgm\u016b\u017e\u012bgs noform\u0113jums, kas j\u016bsu mugursomu at\u0161\u0137ir no cit\u0101m.<\/p>\n<p>&nbsp;<\/p>\n<h6 class=\"p1\">Galven\u0101s \u012bpa\u0161\u012bbas<b><br \/>\n<\/b><\/h6>\n<h6 style=\"padding-left: 40px;\">backpack small | beige corduroy<\/h6>\n<ul>\n<li>Personaliz\u0101cijas opcija<\/li>\n<li class=\"p1\">Regul\u0113jamas plecu un kr\u016b\u0161u siksnas dro\u0161ai un \u0113rtai fiks\u0101cijai<\/li>\n<li class=\"p1\">M\u012bkstas siksnas un ergonomisks dizains komfortam visas dienas garum\u0101<\/li>\n<li>Priek\u0161\u0113j\u0101, s\u0101nu un iek\u0161\u0113j\u0101 kabata \u0113rtai mantu organiz\u0113\u0161anai<\/li>\n<\/ul>\n<p>&nbsp;<\/p>","protected":false},"featured_media":7427,"comment_status":"closed","ping_status":"closed","template":"","meta":{"_acf_changed":false},"product_brand":[],"product_cat":[23],"product_tag":[36],"class_list":{"0":"post-663","1":"product","2":"type-product","3":"status-publish","4":"has-post-thumbnail","6":"product_cat-small-backpacks","7":"product_tag-backpacks","9":"first","10":"instock","11":"taxable","12":"shipping-taxable","13":"purchasable","14":"product-type-simple"},"acf":[],"_links":{"self":[{"href":"https:\/\/yotstore.eu\/lv\/wp-json\/wp\/v2\/product\/663","targetHints":{"allow":["GET"]}}],"collection":[{"href":"https:\/\/yotstore.eu\/lv\/wp-json\/wp\/v2\/product"}],"about":[{"href":"https:\/\/yotstore.eu\/lv\/wp-json\/wp\/v2\/types\/product"}],"replies":[{"embeddable":true,"href":"https:\/\/yotstore.eu\/lv\/wp-json\/wp\/v2\/comments?post=663"}],"version-history":[{"count":3,"href":"https:\/\/yotstore.eu\/lv\/wp-json\/wp\/v2\/product\/663\/revisions"}],"predecessor-version":[{"id":7431,"href":"https:\/\/yotstore.eu\/lv\/wp-json\/wp\/v2\/product\/663\/revisions\/7431"}],"wp:featuredmedia":[{"embeddable":true,"href":"https:\/\/yotstore.eu\/lv\/wp-json\/wp\/v2\/media\/7427"}],"wp:attachment":[{"href":"https:\/\/yotstore.eu\/lv\/wp-json\/wp\/v2\/media?parent=663"}],"wp:term":[{"taxonomy":"product_brand","embeddable":true,"href":"https:\/\/yotstore.eu\/lv\/wp-json\/wp\/v2\/product_brand?post=663"},{"taxonomy":"product_cat","embeddable":true,"href":"https:\/\/yotstore.eu\/lv\/wp-json\/wp\/v2\/product_cat?post=663"},{"taxonomy":"product_tag","embeddable":true,"href":"https:\/\/yotstore.eu\/lv\/wp-json\/wp\/v2\/product_tag?post=663"}],"curies":[{"name":"wp","href":"https:\/\/api.w.org\/{rel}","templated":true}]}}