{"id":654,"date":"2025-08-27T16:11:15","date_gmt":"2025-08-27T13:11:15","guid":{"rendered":"https:\/\/yotstore.eu\/?post_type=product&#038;p=654"},"modified":"2026-04-13T19:46:02","modified_gmt":"2026-04-13T16:46:02","slug":"large-backpack-rose-corduroy","status":"publish","type":"product","link":"https:\/\/yotstore.eu\/lv\/large-backpack-rose-corduroy\/","title":{"rendered":"large backpack | rose corduroy"},"content":{"rendered":"","protected":false},"excerpt":{"rendered":"<p class=\"p1\">Izgatavota no m\u012bksta, augstas kvalit\u0101tes velveta, \u0161\u012b stil\u012bg\u0101 mugursoma apvieno m\u016b\u017e\u012bgu dizainu ar ikdienas funkcionalit\u0101ti. T\u0101 ir ide\u0101ls sabiedrotais skolai, darbam, ce\u013co\u0161anai vai ikdienas izbraucieniem \u2013 lieliska izv\u0113le tiem, kas nov\u0113rt\u0113 gan komfortu, gan individualit\u0101ti.<\/p>\n<p class=\"p1\">Mekl\u0113jat d\u0101vanu, kas patiesi izce\u013cas? M\u016bsu individu\u0101l\u0101s iz\u0161\u016b\u0161anas pakalpojums \u013cauj pievienot j\u016bsu v\u0101rdu vai inici\u0101\u013cus, radot personaliz\u0113tu piesk\u0101rienu. Katrs gabals tiek prasm\u012bgi iz\u0161\u016bts Latvij\u0101, izmantojot iztur\u012bgus, augst\u0101k\u0101s kvalit\u0101tes diegus, nodro\u0161inot notur\u012bgu un at\u0161\u0137ir\u012bgu apdari.<\/p>\n<p>&nbsp;<\/p>\n<h6 class=\"p1\">Galven\u0101s \u012bpa\u0161\u012bbas<b><\/b><\/h6>\n<h6>medium backpack | rose corduroy<\/h6>\n<ul>\n<li>Personaliz\u0101cijas opcija<\/li>\n<li class=\"p1\">M\u012bksts augst\u0101k\u0101s kvalit\u0101tes velveta audums<\/li>\n<li class=\"p1\">M\u012bkstas un ergonomiskas siksnas \u0113rtai ikdienas n\u0113s\u0101\u0161anai<\/li>\n<li class=\"p1\">M\u016b\u017e\u012bgi aktu\u0101ls stils, kas piest\u0101v gan ofisam, gan atp\u016btai <span class=\"s1\">\u2014<\/span> from weekdays to weekends.<\/li>\n<li class=\"p1\">Priek\u0161\u0113j\u0101, s\u0101nu un iek\u0161\u0113j\u0101 kabata \u0113rtai mantu organiz\u0113\u0161anai<\/li>\n<\/ul>\n<p>&nbsp;<\/p>","protected":false},"featured_media":7450,"comment_status":"closed","ping_status":"closed","template":"","meta":{"_acf_changed":false},"product_brand":[],"product_cat":[29],"product_tag":[36],"class_list":{"0":"post-654","1":"product","2":"type-product","3":"status-publish","4":"has-post-thumbnail","6":"product_cat-large-backpacks","7":"product_tag-backpacks","9":"first","10":"instock","11":"taxable","12":"shipping-taxable","13":"purchasable","14":"product-type-simple"},"acf":[],"_links":{"self":[{"href":"https:\/\/yotstore.eu\/lv\/wp-json\/wp\/v2\/product\/654","targetHints":{"allow":["GET"]}}],"collection":[{"href":"https:\/\/yotstore.eu\/lv\/wp-json\/wp\/v2\/product"}],"about":[{"href":"https:\/\/yotstore.eu\/lv\/wp-json\/wp\/v2\/types\/product"}],"replies":[{"embeddable":true,"href":"https:\/\/yotstore.eu\/lv\/wp-json\/wp\/v2\/comments?post=654"}],"version-history":[{"count":1,"href":"https:\/\/yotstore.eu\/lv\/wp-json\/wp\/v2\/product\/654\/revisions"}],"predecessor-version":[{"id":7454,"href":"https:\/\/yotstore.eu\/lv\/wp-json\/wp\/v2\/product\/654\/revisions\/7454"}],"wp:featuredmedia":[{"embeddable":true,"href":"https:\/\/yotstore.eu\/lv\/wp-json\/wp\/v2\/media\/7450"}],"wp:attachment":[{"href":"https:\/\/yotstore.eu\/lv\/wp-json\/wp\/v2\/media?parent=654"}],"wp:term":[{"taxonomy":"product_brand","embeddable":true,"href":"https:\/\/yotstore.eu\/lv\/wp-json\/wp\/v2\/product_brand?post=654"},{"taxonomy":"product_cat","embeddable":true,"href":"https:\/\/yotstore.eu\/lv\/wp-json\/wp\/v2\/product_cat?post=654"},{"taxonomy":"product_tag","embeddable":true,"href":"https:\/\/yotstore.eu\/lv\/wp-json\/wp\/v2\/product_tag?post=654"}],"curies":[{"name":"wp","href":"https:\/\/api.w.org\/{rel}","templated":true}]}}