{"id":4062,"date":"2025-10-24T11:02:08","date_gmt":"2025-10-24T08:02:08","guid":{"rendered":"https:\/\/yotstore.eu\/?page_id=4062"},"modified":"2025-12-10T15:29:12","modified_gmt":"2025-12-10T12:29:12","slug":"payment-information","status":"publish","type":"page","link":"https:\/\/yotstore.eu\/lv\/policies\/payment-information\/","title":{"rendered":"Maks\u0101jumu inform\u0101cija"},"content":{"rendered":"<div data-elementor-type=\"wp-page\" data-elementor-id=\"4062\" class=\"elementor elementor-4062\" data-elementor-post-type=\"page\">\n\t\t\t\t<div class=\"elementor-element elementor-element-341c5e4 e-flex e-con-boxed e-con e-parent\" data-id=\"341c5e4\" data-element_type=\"container\" data-e-type=\"container\">\n\t\t\t\t\t<div class=\"e-con-inner\">\n\t\t\t\t<div class=\"elementor-element elementor-element-c0f1fcf elementor-widget elementor-widget-text-editor\" data-id=\"c0f1fcf\" data-element_type=\"widget\" data-e-type=\"widget\" data-widget_type=\"text-editor.default\">\n\t\t\t\t\t\t\t\t\t<h1 style=\"text-align: center;\">APMAKSAS NOTEIKUMI<\/h1>\n<p><strong>\u00a0<\/strong><\/p>\n<p>Nor\u0113\u0137inu val\u016bta vietn\u0113 ir Eiro (EUR).<br \/>Pirkumu iesp\u0113jams apmaks\u0101t izv\u0113loties sekojo\u0161as maks\u0101jumu metodes, ko nodro\u0161ina maks\u0101jumu platforma makecommerce.lv , Maksekeskus AS:<\/p>\n<ul>\n<li>Latvijas internetbanku maks\u0101jumi: Swedbank, SEB, Citadele un Luminor<\/li>\n<li>Igaunijas internetbanku maks\u0101jumi: Swedbank, SEB, Luminor<\/li>\n<li>Lietuvas internetbanku maks\u0101jumi: Swedbank, SEB un Luminor<\/li>\n<li>Visa\/Mastercard kar\u0161u maks\u0101jumi<\/li>\n<\/ul>\n<div>\u00a0<\/div>\n<p>NB! Izmantojot internetbanku apmaksas metodi, apstipriniet pas\u016bt\u012bjumu un noklik\u0161\u0137iniet uz pogas \u201cAtgriezties pie tirgot\u0101ja\u201d.<\/p>\n<p>Personas dati, kas nepiecie\u0161ami maks\u0101jumu veik\u0161anai, tiek nodoti licenc\u0113tai maks\u0101jumu iest\u0101dei Maksekeskus AS.<\/p>\n<p>L\u012bgums st\u0101jas sp\u0113k\u0101 l\u012bdz ar veiksm\u012bgu maks\u0101jumu uz internetveikala bankas kontu. Ja k\u0101du iemeslu d\u0113\u013c pas\u016bt\u012bjumu izpild\u012bt neb\u016bs iesp\u0113jams, Pirc\u0113js par to tiks inform\u0113ts un samaks\u0101t\u0101 summa tiks atmaks\u0101ta p\u0113c iesp\u0113jas \u0101tr\u0101k, bet ne v\u0113l\u0101k k\u0101 14 dienu laik\u0101 p\u0113c pazi\u0146ojuma sa\u0146em\u0161anas.<\/p>\n<p class=\"translation-block\">Visas cenas ir nor\u0101d\u012btas eiro (EUR) val\u016bt\u0101, ieskaitot 21% PVN. M\u0101jaslap\u0101 nor\u0101d\u012bt\u0101s cenas un inform\u0101cija var tikt main\u012btas bez iepriek\u0161\u0113ja br\u012bdin\u0101juma.\n<p>\u0160aj\u0101 lap\u0101 sniegt\u0101 inform\u0101cija ir neat\u0146emama m\u016bsu <b><a class=\"ng-star-inserted\" href=\"https:\/\/yotstore.eu\/lv\/policies\/terms-conditons\/\" target=\"_blank\" rel=\"noopener\" data-hveid=\"0\" data-ved=\"0CAAQ_4QMahgKEwiBtfDrtfuQAxUAAAAAHQAAAAAQyQM\">Noteikumu un Nosac\u012bjumu <\/a><\/b> sast\u0101vda\u013ca, un uz to attiecas \u0161ie noteikumi.<\/p><\/p>\t\t\t\t\t\t\t\t<\/div>\n\t\t\t\t\t<\/div>\n\t\t\t\t<\/div>\n\t\t\t\t<\/div>","protected":false},"excerpt":{"rendered":"<p>PAYMENT TERMS \u00a0 The payment currency on the website is\u00a0Euro (EUR).Purchases can be paid for using the following payment methods provided by the payment platform\u00a0makecommerce.lv, operated by\u00a0Maksekeskus AS: Online banking payments (Latvia): Swedbank, SEB, Citadele, Luminor Online banking payments (Estonia): Swedbank, SEB, Luminor Online banking payments (Lithuania): Swedbank, SEB, Luminor Visa \/ Mastercard card payments [&hellip;]<\/p>\n","protected":false},"author":4,"featured_media":0,"parent":3543,"menu_order":0,"comment_status":"closed","ping_status":"closed","template":"","meta":{"_acf_changed":false,"footnotes":""},"class_list":["post-4062","page","type-page","status-publish","hentry"],"acf":[],"_links":{"self":[{"href":"https:\/\/yotstore.eu\/lv\/wp-json\/wp\/v2\/pages\/4062","targetHints":{"allow":["GET"]}}],"collection":[{"href":"https:\/\/yotstore.eu\/lv\/wp-json\/wp\/v2\/pages"}],"about":[{"href":"https:\/\/yotstore.eu\/lv\/wp-json\/wp\/v2\/types\/page"}],"author":[{"embeddable":true,"href":"https:\/\/yotstore.eu\/lv\/wp-json\/wp\/v2\/users\/4"}],"replies":[{"embeddable":true,"href":"https:\/\/yotstore.eu\/lv\/wp-json\/wp\/v2\/comments?post=4062"}],"version-history":[{"count":0,"href":"https:\/\/yotstore.eu\/lv\/wp-json\/wp\/v2\/pages\/4062\/revisions"}],"up":[{"embeddable":true,"href":"https:\/\/yotstore.eu\/lv\/wp-json\/wp\/v2\/pages\/3543"}],"wp:attachment":[{"href":"https:\/\/yotstore.eu\/lv\/wp-json\/wp\/v2\/media?parent=4062"}],"curies":[{"name":"wp","href":"https:\/\/api.w.org\/{rel}","templated":true}]}}