{"id":402,"date":"2025-10-22T12:20:52","date_gmt":"2025-10-22T09:20:52","guid":{"rendered":"https:\/\/yotstore.eu\/?page_id=402"},"modified":"2025-12-10T15:28:06","modified_gmt":"2025-12-10T12:28:06","slug":"refund_returns","status":"publish","type":"page","link":"https:\/\/yotstore.eu\/lv\/policies\/refund_returns\/","title":{"rendered":"Return &amp; Refund Policy"},"content":{"rendered":"<div data-elementor-type=\"wp-page\" data-elementor-id=\"402\" class=\"elementor elementor-402\" data-elementor-post-type=\"page\">\n\t\t\t\t<div class=\"elementor-element elementor-element-3c2bf6a e-flex e-con-boxed e-con e-parent\" data-id=\"3c2bf6a\" data-element_type=\"container\" data-e-type=\"container\">\n\t\t\t\t\t<div class=\"e-con-inner\">\n\t\t\t\t<div class=\"elementor-element elementor-element-57f0f7b2 elementor-widget elementor-widget-text-editor\" data-id=\"57f0f7b2\" data-element_type=\"widget\" data-e-type=\"widget\" data-widget_type=\"text-editor.default\">\n\t\t\t\t\t\t\t\t\t<h1 style=\"text-align: center;\">ATMAKSAS POLITIKA<\/h1><div>\u00a0<\/div><p>Pirc\u0113jam ir ties\u012bbas atteikties no preces 14 kalend\u0101ro dienu laik\u0101 no Preces sa\u0146em\u0161anas br\u012b\u017ea, saska\u0146\u0101 ar Latvijas Republikas likumdo\u0161anu.<\/p><p>Atteikuma ties\u012bbas nav piem\u0113rojamas, ja Pirc\u0113js ir juridiska persona.<\/p><p>Lai izmantotu atteikuma ties\u012bbas, prece dr\u012bkst b\u016bt lietota tikai t\u0101s paredz\u0113tajam m\u0113r\u0137im, un Pirc\u0113jam ir j\u0101nodro\u0161ina preces kvalit\u0101tes un dro\u0161uma saglab\u0101\u0161ana.<\/p><p>Ja prece ir izmantota neatbilsto\u0161i vai boj\u0101ta, p\u0101rdev\u0113js var samazin\u0101t atmaks\u0101jamo summu.<\/p><p>\u00a0<\/p><h1 style=\"text-align: center;\">ATGRIE\u0160ANAS UN ATMAKSAS NOTEIKUMI<\/h1><ul><li>Atteikuma veidlapa j\u0101nos\u016bta uz e-pastu: info@yotstore.eu<\/li><li>Preces j\u0101atgrie\u017e 14 dienu laik\u0101 p\u0113c atteikuma iesnieg\u0161anas.<\/li><li>Pirc\u0113js sedz preces atgrie\u0161anas izmaksas, iz\u0146emot, ja prece nav atbilsto\u0161a pas\u016bt\u012bjumam.<\/li><li>Atmaksa tiek veikta uz to pa\u0161u maks\u0101jumu sist\u0113mu, no kuras tika veikts pirkums.<\/li><li>Pieg\u0101des izmaksas netiek atmaks\u0101tas.<\/li><\/ul><div>\u00a0<\/div><p>P\u0113c preces sa\u0146em\u0161anas P\u0101rdev\u0113js atmaks\u0101 summu 14 dienu laik\u0101. Pirc\u0113js sedz preces atgrie\u0161anas izmaksas, iz\u0146emot gad\u012bjumos, ja prece neatbilst pas\u016bt\u012bjumam.<\/p><p>P\u0101rdev\u0113jam ir ties\u012bbas aiztur\u0113t atmaksu, l\u012bdz tiek sa\u0146emta prece vai t\u0101s atgrie\u0161anas apliecin\u0101jums.<\/p><p>P\u0101rdev\u0113js nav atbild\u012bgs par kav\u0113\u0161anos ar saist\u012bbu izpildi vai to nepild\u012b\u0161anu, vai cita veida neizpildi, kas radusies t\u0101du apst\u0101k\u013cu un \u0161\u0137\u0113r\u0161\u013cu d\u0113\u013c, kuri ir \u0101rpus internetveikala sapr\u0101t\u012bgas kontroles.<\/p><p>Pat\u0113r\u0113t\u0101jam nav ties\u012bbu izmantot atteikuma ties\u012bbas, ja prece izgatavota p\u0113c individu\u0101la pas\u016bt\u012bjuma vai personaliz\u0113ta.<\/p><p class=\"translation-block\"><p>\u0160aj\u0101 lap\u0101 sniegt\u0101 inform\u0101cija ir neat\u0146emama m\u016bsu <b><a class=\"ng-star-inserted\" href=\"https:\/\/yotstore.eu\/lv\/policies\/terms-conditons\/\" target=\"_blank\" rel=\"noopener\" data-hveid=\"0\" data-ved=\"0CAAQ_4QMahgKEwiBtfDrtfuQAxUAAAAAHQAAAAAQyQM\">Noteikumu un Nosac\u012bjumu <\/a><\/b> sast\u0101vda\u013ca, un uz to attiecas \u0161ie noteikumi.<\/p><\/p><p><strong>\u00a0<\/strong><\/p><p><strong>\u00a0<\/strong><\/p>\t\t\t\t\t\t\t\t<\/div>\n\t\t\t\t\t<\/div>\n\t\t\t\t<\/div>\n\t\t\t\t<\/div>","protected":false},"excerpt":{"rendered":"<p>REFUND POLICY \u00a0 The Buyer has the right to withdraw from the purchase within 14 calendar days from the date of receiving the Product, in accordance with the laws of the Republic of Latvia. The right of withdrawal does not apply if the Buyer is a legal entity. To exercise the right of withdrawal, the [&hellip;]<\/p>\n","protected":false},"author":4,"featured_media":0,"parent":3543,"menu_order":0,"comment_status":"closed","ping_status":"closed","template":"","meta":{"_acf_changed":false,"footnotes":""},"class_list":["post-402","page","type-page","status-publish","hentry"],"acf":[],"_links":{"self":[{"href":"https:\/\/yotstore.eu\/lv\/wp-json\/wp\/v2\/pages\/402","targetHints":{"allow":["GET"]}}],"collection":[{"href":"https:\/\/yotstore.eu\/lv\/wp-json\/wp\/v2\/pages"}],"about":[{"href":"https:\/\/yotstore.eu\/lv\/wp-json\/wp\/v2\/types\/page"}],"author":[{"embeddable":true,"href":"https:\/\/yotstore.eu\/lv\/wp-json\/wp\/v2\/users\/4"}],"replies":[{"embeddable":true,"href":"https:\/\/yotstore.eu\/lv\/wp-json\/wp\/v2\/comments?post=402"}],"version-history":[{"count":0,"href":"https:\/\/yotstore.eu\/lv\/wp-json\/wp\/v2\/pages\/402\/revisions"}],"up":[{"embeddable":true,"href":"https:\/\/yotstore.eu\/lv\/wp-json\/wp\/v2\/pages\/3543"}],"wp:attachment":[{"href":"https:\/\/yotstore.eu\/lv\/wp-json\/wp\/v2\/media?parent=402"}],"curies":[{"name":"wp","href":"https:\/\/api.w.org\/{rel}","templated":true}]}}