{"id":3713,"date":"2025-10-22T15:28:58","date_gmt":"2025-10-22T12:28:58","guid":{"rendered":"https:\/\/yotstore.eu\/?page_id=3713"},"modified":"2026-04-06T18:41:20","modified_gmt":"2026-04-06T15:41:20","slug":"delivery-information","status":"publish","type":"page","link":"https:\/\/yotstore.eu\/lv\/policies\/delivery-information\/","title":{"rendered":"Pieg\u0101des inform\u0101cija"},"content":{"rendered":"<div data-elementor-type=\"wp-page\" data-elementor-id=\"3713\" class=\"elementor elementor-3713\" data-elementor-post-type=\"page\">\n\t\t\t\t<div class=\"elementor-element elementor-element-176d857 e-flex e-con-boxed e-con e-parent\" data-id=\"176d857\" data-element_type=\"container\" data-e-type=\"container\">\n\t\t\t\t\t<div class=\"e-con-inner\">\n\t\t\t\t<div class=\"elementor-element elementor-element-aae3748 elementor-widget elementor-widget-text-editor\" data-id=\"aae3748\" data-element_type=\"widget\" data-e-type=\"widget\" data-widget_type=\"text-editor.default\">\n\t\t\t\t\t\t\t\t\t<h1 style=\"text-align: center;\">PIEG\u0100DES POLITIKA<\/h1><div>\u00a0<\/div><div>\u00a0<\/div><p>Preces tiek pieg\u0101d\u0101tas uz \u0161\u0101d\u0101m valst\u012bm: Latvija, Lietuva, Igaunija.<\/p><p>Ieg\u0101d\u0101t\u0101s preces tiek pieg\u0101d\u0101tas, izmantojot: Omniva, DPD un Venipak pakom\u0101tu t\u012bklu.<\/p><p>Pieg\u0101des izmaksas tiek par\u0101d\u012btas pirms pas\u016bt\u012bjuma apstiprin\u0101\u0161anas.<\/p><p>Pieg\u0101des izmaksas tiek par\u0101d\u012btas pirms pas\u016bt\u012bjuma apstiprin\u0101\u0161anas.\nPreces tiek pieg\u0101d\u0101tas Pirc\u0113ja nor\u0101d\u012btaj\u0101 adres\u0113 vai izv\u0113l\u0113taj\u0101 pakom\u0101t\u0101 2\u20137 darba dienu laik\u0101.<\/p><p>Ja izv\u0113l\u0113tajai precei pievienota personaliz\u0101cija (piem\u0113ram, v\u0101rda uz\u0161uvums), pieg\u0101des laiks var b\u016bt 10\u201314 dienas.<\/p><p>Iz\u0146\u0113muma gad\u012bjumos mums ir ties\u012bbas nos\u016bt\u012bt preces l\u012bdz 45 kalend\u0101ra dien\u0101m, par to inform\u0113jot klientu.<\/p><h3>Pieg\u0101de:<\/h3><ul><li>Bezmaksas pieg\u0101de Latvij\u0101 pas\u016bt\u012bjumiem virs 50\u20ac<\/li><li>Bezmaksas pieg\u0101de uz Igauniju un Lietuvu pas\u016bt\u012bjumiem virs 70\u20ac<\/li><\/ul><div>\u00a0<\/div><table><tbody><tr><td width=\"154\"><p style=\"text-align: center;\"><strong>Pakom\u0101ts<\/strong><\/p><\/td><td width=\"154\"><p style=\"text-align: center;\"><strong>Uz Latviju<\/strong><\/p><\/td><td width=\"154\"><p style=\"text-align: center;\"><strong>Uz Lietuvu<\/strong><\/p><\/td><td width=\"154\"><p style=\"text-align: center;\"><strong>Uz Igauniju<\/strong><\/p><\/td><\/tr><tr><td width=\"154\"><p style=\"text-align: center;\">Omniva<\/p><\/td><td width=\"154\"><p style=\"text-align: center;\">3.19 \u20ac<\/p><\/td><td width=\"154\"><p style=\"text-align: center;\">6.49 \u20ac<\/p><\/td><td width=\"154\"><p style=\"text-align: center;\">6.49 \u20ac<\/p><\/td><\/tr><tr><td width=\"154\"><p style=\"text-align: center;\">DPD<\/p><\/td><td width=\"154\"><p style=\"text-align: center;\">2.99 \u20ac<\/p><\/td><td width=\"154\"><p style=\"text-align: center;\">4.99 \u20ac<\/p><\/td><td width=\"154\"><p style=\"text-align: center;\">4.99 \u20ac<\/p><\/td><\/tr><tr><td width=\"154\"><p style=\"text-align: center;\">Venipak<\/p><\/td><td width=\"154\"><p style=\"text-align: center;\">2.99 \u20ac<\/p><\/td><td width=\"154\"><p style=\"text-align: center;\">4.99 \u20ac<\/p><\/td><td width=\"154\"><p style=\"text-align: center;\">4.99 \u20ac<\/p><\/td><\/tr><\/tbody><\/table><p>M\u0113s dar\u0101m visu iesp\u0113jamo, lai nodro\u0161in\u0101tu, ai nodro\u0161in\u0101tu, ka pas\u016bt\u012bjums tiek pieg\u0101d\u0101ts noteiktaj\u0101 termi\u0146\u0101.<\/p><p>Tom\u0113r m\u0113s neuz\u0146emas atbild\u012bbu par pieg\u0101des kav\u0113jumiem vai trauc\u0113jumiem, kas radu\u0161ies apst\u0101k\u013cu d\u0113\u013c, kuri nav m\u016bsu kontrol\u0113.<\/p><p>\u0160\u0101dos gad\u012bjumos m\u0113s ap\u0146emamies iesp\u0113jami \u0101tri inform\u0113t klientu par kav\u0113juma iemesliem un iesp\u0113jamo pieg\u0101des laiku.<\/p><p class=\"translation-block\"><p>\u0160aj\u0101 lap\u0101 sniegt\u0101 inform\u0101cija ir neat\u0146emama m\u016bsu <b><a class=\"ng-star-inserted\" href=\"https:\/\/yotstore.eu\/lv\/policies\/terms-conditons\/\" target=\"_blank\" rel=\"noopener\" data-hveid=\"0\" data-ved=\"0CAAQ_4QMahgKEwiBtfDrtfuQAxUAAAAAHQAAAAAQyQM\">Noteikumu un Nosac\u012bjumu <\/a><\/b> sast\u0101vda\u013ca, un uz to attiecas \u0161ie noteikumi.<\/p><\/p>\t\t\t\t\t\t\t\t<\/div>\n\t\t\t\t\t<\/div>\n\t\t\t\t<\/div>\n\t\t\t\t<\/div>","protected":false},"excerpt":{"rendered":"<p>DELIVERY POLICY \u00a0\u00a0 Products are delivered to the following countries: Latvia, Lithuania, and Estonia. Purchased products are delivered using the Omniva, DPD and Venipak parcel terminal networks. Delivery costs are displayed before confirming the order. Standard products are delivered to the address or parcel terminal specified by the Buyer within 2\u20137 business days. If the [&hellip;]<\/p>\n","protected":false},"author":4,"featured_media":0,"parent":3543,"menu_order":0,"comment_status":"closed","ping_status":"closed","template":"","meta":{"_acf_changed":false,"footnotes":""},"class_list":["post-3713","page","type-page","status-publish","hentry"],"acf":[],"_links":{"self":[{"href":"https:\/\/yotstore.eu\/lv\/wp-json\/wp\/v2\/pages\/3713","targetHints":{"allow":["GET"]}}],"collection":[{"href":"https:\/\/yotstore.eu\/lv\/wp-json\/wp\/v2\/pages"}],"about":[{"href":"https:\/\/yotstore.eu\/lv\/wp-json\/wp\/v2\/types\/page"}],"author":[{"embeddable":true,"href":"https:\/\/yotstore.eu\/lv\/wp-json\/wp\/v2\/users\/4"}],"replies":[{"embeddable":true,"href":"https:\/\/yotstore.eu\/lv\/wp-json\/wp\/v2\/comments?post=3713"}],"version-history":[{"count":3,"href":"https:\/\/yotstore.eu\/lv\/wp-json\/wp\/v2\/pages\/3713\/revisions"}],"predecessor-version":[{"id":7296,"href":"https:\/\/yotstore.eu\/lv\/wp-json\/wp\/v2\/pages\/3713\/revisions\/7296"}],"up":[{"embeddable":true,"href":"https:\/\/yotstore.eu\/lv\/wp-json\/wp\/v2\/pages\/3543"}],"wp:attachment":[{"href":"https:\/\/yotstore.eu\/lv\/wp-json\/wp\/v2\/media?parent=3713"}],"curies":[{"name":"wp","href":"https:\/\/api.w.org\/{rel}","templated":true}]}}