{"id":3608,"date":"2025-10-22T09:59:34","date_gmt":"2025-10-22T06:59:34","guid":{"rendered":"https:\/\/yotstore.eu\/?page_id=3608"},"modified":"2026-04-09T11:24:12","modified_gmt":"2026-04-09T08:24:12","slug":"cookie-policy","status":"publish","type":"page","link":"https:\/\/yotstore.eu\/lv\/policies\/cookie-policy\/","title":{"rendered":"S\u012bkdat\u0146u politika"},"content":{"rendered":"<div data-elementor-type=\"wp-page\" data-elementor-id=\"3608\" class=\"elementor elementor-3608\" data-elementor-post-type=\"page\">\n\t\t\t\t<div class=\"elementor-element elementor-element-5133fcb1 e-flex e-con-boxed e-con e-parent\" data-id=\"5133fcb1\" data-element_type=\"container\" data-e-type=\"container\">\n\t\t\t\t\t<div class=\"e-con-inner\">\n\t\t\t\t<div class=\"elementor-element elementor-element-87bdea7 elementor-widget elementor-widget-html\" data-id=\"87bdea7\" data-element_type=\"widget\" data-e-type=\"widget\" data-widget_type=\"html.default\">\n\t\t\t\t\t\n<style>\n  a.cky-banner-element {\n    padding: 8px 30px;\n    background: #f8f9fa;\n    color: #858a8f;\n    border: 1px solid #dee2e6;\n    box-sizing: border-box;\n    border-radius: 2px;\n    cursor: pointer\n  }\n<\/style>\n<h1 class=\"cookie-policy-h1\" style=\"text-align: center;\">S\u012aKDAT\u0145U POLITIKA<\/h1>\n<div class=\"cookie-policy-date-container\">\n  <p>Effective date: April 9, 2026<\/p>\n  <p>Last updated: April 9, 2026<\/p>\n<\/div>&nbsp;<h2>Kas ir s\u012bkdatnes?<\/h2>\n<div class=\"cookie-policy-p\">\n  <p>\u0160\u012b S\u012bkdat\u0146u politika izskaidro, kas ir s\u012bkdatnes, k\u0101 m\u0113s t\u0101s izmantojam, k\u0101dus s\u012bkdat\u0146u veidus m\u0113s izmantojam (t. i., k\u0101du inform\u0101ciju m\u0113s ieg\u016bstam ar s\u012bkdat\u0146u pal\u012bdz\u012bbu un k\u0101 \u0161\u012b inform\u0101cija tiek izmantota), k\u0101 ar\u012b to, k\u0101 p\u0101rvald\u012bt savus s\u012bkdat\u0146u iestat\u012bjumus.<\/p>\n  <p>S\u012bkdatnes ir mazi teksta faili, kas tiek izmantoti, lai uzglab\u0101tu nelielu inform\u0101cijas apjomu. Tie tiek saglab\u0101ti j\u016bsu ier\u012bc\u0113 br\u012bd\u012b, kad t\u012bmek\u013ca vietne tiek iel\u0101d\u0113ta p\u0101rl\u016bk\u0101. \u0160\u012bs s\u012bkdatnes pal\u012bdz nodro\u0161in\u0101t pareizu vietnes darb\u012bbu, uzlabo dro\u0161\u012bbu, sniedz lab\u0101ku lieto\u0161anas pieredzi un \u013cauj analiz\u0113t vietnes veiktsp\u0113ju, lai saprastu, kas darbojas labi un kur nepiecie\u0161ami uzlabojumi.<\/p>\n<\/div>&nbsp;<h2>K\u0101 m\u0113s izmantojam s\u012bkdatnes?<\/h2>\n<div class=\"cookie-policy-p\">\n  <p>L\u012bdz\u012bgi k\u0101 liel\u0101k\u0101 da\u013ca tie\u0161saistes pakalpojumu, m\u016bsu t\u012bmek\u013ca vietne izmanto gan pirm\u0101s puses, gan tre\u0161o pu\u0161u s\u012bkdatnes da\u017e\u0101diem m\u0113r\u0137iem.Pirm\u0101s puses s\u012bkdatnes galvenok\u0101rt ir nepiecie\u0161amas vietnes pareizai darb\u012bbai un nesatur nek\u0101du personu ident ific\u0113jo\u0161u inform\u0101ciju.<\/p>\n  <p>Tre\u0161o pu\u0161u s\u012bkdatnes, kas tiek izmantotas m\u016bsu vietn\u0113, pal\u012bdz mums saprast, k\u0101 vietne tiek izmantota, analiz\u0113t lietot\u0101ju mijiedarb\u012bbu, nodro\u0161in\u0101t dro\u0161\u012bbu, r\u0101d\u012bt atbilsto\u0161as rekl\u0101mas un uzlabot kop\u0113jo lietot\u0101ja pieredzi, pa\u0101trinot turpm\u0101ko vietnes darb\u012bbu j\u016bsu ier\u012bc\u0113.<\/p>\n\n<div class=\"cky-audit-table-element\"><\/div>&nbsp;<h2 style=\"margin-bottom: 20px\">S\u012bkdat\u0146u iestat\u012bjumu p\u0101rvald\u012bba<\/h2\n<div>\n  <p>You can modify your cookie settings anytime. This will allow you to revisit the cookie consent banner and update your preferences or withdraw your consent immediately. <\/p>\n  <p>Turkl\u0101t da\u017e\u0101di p\u0101rl\u016bki pied\u0101v\u0101 iesp\u0113jas blo\u0137\u0113t vai dz\u0113st s\u012bkdatnes, ko izmanto t\u012bmek\u013ca vietnes.\nZem\u0101k nor\u0101d\u012btas saites uz pal\u012bdz\u012bbas dokumentiem popul\u0101r\u0101kajos p\u0101rl\u016bkos:<\/p>\n  <p>Chrome: <a target=\"_blank\" rel=\"noopener noreferrer\" href=\"https:\/\/support.google.com\/accounts\/answer\/32050\">https:\/\/support.google.com\/accounts\/answer\/32050<\/a><\/p>\n  <p>Safari: <a target=\"_blank\" rel=\"noopener noreferrer\" href=\"https:\/\/support.apple.com\/en-in\/guide\/safari\/sfri11471\/mac\">https:\/\/support.apple.com\/en-in\/guide\/safari\/sfri11471\/mac<\/a><\/p>\n  <p>Firefox: <a target=\"_blank\" rel=\"noopener noreferrer\" href=\"https:\/\/support.mozilla.org\/en-US\/kb\/clear-cookies-and-site-data-firefox?redirectslug=delete-cookies-remove-info-websites-stored&amp;redirectlocale=en-US\">https:\/\/support.mozilla.org\/en-US\/kb\/clear-cookies-and-site-data-firefox?redirectslug=delete-cookies-remove-info-websites-stored&redirectlocale=en-US<\/a><\/p>\n  <p>Internet Explorer: <a target=\"_blank\" rel=\"noopener noreferrer\" href=\"https:\/\/support.microsoft.com\/en-us\/topic\/how-to-delete-cookie-files-in-internet-explorer-bca9446f-d873-78de-77ba-d42645fa52fc\">https:\/\/support.microsoft.com\/en-us\/topic\/how-to-delete-cookie-files-in-internet-explorer-bca9446f-d873-78de-77ba-d42645fa52fc<\/a><\/p>\n  <p>Ja izmantojat citu t\u012bmek\u013ca p\u0101rl\u016bkprogrammu, l\u016bdzu, skatiet t\u0101s ofici\u0101lo atbalsta dokument\u0101ciju.<\/p>\n<\/div>&nbsp;\n<!-- End CookieYes cookie policy -->\t\t\t\t<\/div>\n\t\t\t\t\t<\/div>\n\t\t\t\t<\/div>\n\t\t\t\t<\/div>","protected":false},"excerpt":{"rendered":"<p>COOKIE POLICY Effective date: April 9, 2026 Last updated: April 9, 2026 &nbsp; What are cookies? This Cookie Policy explains what cookies are, how we use them, the types of cookies we use (i.e., the information we collect using cookies and how that information is used), and how to manage your cookie settings. Cookies are [&hellip;]<\/p>\n","protected":false},"author":4,"featured_media":0,"parent":3543,"menu_order":0,"comment_status":"closed","ping_status":"closed","template":"","meta":{"_acf_changed":false,"footnotes":""},"class_list":["post-3608","page","type-page","status-publish","hentry"],"acf":[],"_links":{"self":[{"href":"https:\/\/yotstore.eu\/lv\/wp-json\/wp\/v2\/pages\/3608","targetHints":{"allow":["GET"]}}],"collection":[{"href":"https:\/\/yotstore.eu\/lv\/wp-json\/wp\/v2\/pages"}],"about":[{"href":"https:\/\/yotstore.eu\/lv\/wp-json\/wp\/v2\/types\/page"}],"author":[{"embeddable":true,"href":"https:\/\/yotstore.eu\/lv\/wp-json\/wp\/v2\/users\/4"}],"replies":[{"embeddable":true,"href":"https:\/\/yotstore.eu\/lv\/wp-json\/wp\/v2\/comments?post=3608"}],"version-history":[{"count":9,"href":"https:\/\/yotstore.eu\/lv\/wp-json\/wp\/v2\/pages\/3608\/revisions"}],"predecessor-version":[{"id":7346,"href":"https:\/\/yotstore.eu\/lv\/wp-json\/wp\/v2\/pages\/3608\/revisions\/7346"}],"up":[{"embeddable":true,"href":"https:\/\/yotstore.eu\/lv\/wp-json\/wp\/v2\/pages\/3543"}],"wp:attachment":[{"href":"https:\/\/yotstore.eu\/lv\/wp-json\/wp\/v2\/media?parent=3608"}],"curies":[{"name":"wp","href":"https:\/\/api.w.org\/{rel}","templated":true}]}}