{"id":3571,"date":"2025-10-20T19:51:27","date_gmt":"2025-10-20T16:51:27","guid":{"rendered":"https:\/\/yotstore.eu\/?page_id=3571"},"modified":"2026-02-20T23:20:29","modified_gmt":"2026-02-20T20:20:29","slug":"privacy-policy","status":"publish","type":"page","link":"https:\/\/yotstore.eu\/lv\/policies\/privacy-policy\/","title":{"rendered":"Priv\u0101tuma politika"},"content":{"rendered":"<div data-elementor-type=\"wp-page\" data-elementor-id=\"3571\" class=\"elementor elementor-3571\" data-elementor-post-type=\"page\">\n\t\t\t\t<div class=\"elementor-element elementor-element-d395c69 e-flex e-con-boxed e-con e-parent\" data-id=\"d395c69\" data-element_type=\"container\" data-e-type=\"container\">\n\t\t\t\t\t<div class=\"e-con-inner\">\n\t\t\t\t<div class=\"elementor-element elementor-element-7141ac6 elementor-widget elementor-widget-text-editor\" data-id=\"7141ac6\" data-element_type=\"widget\" data-e-type=\"widget\" data-widget_type=\"text-editor.default\">\n\t\t\t\t\t\t\t\t\t<h1 style=\"text-align: center;\">PRIV\u0100TUMA POLITIKA<\/h1><p><strong>\u00a0<\/strong><\/p><p><strong>\u00a0<\/strong><\/p><h3>1.VISP\u0100R\u012aGIE NOTEIKUMI<\/h3><p class=\"translation-block\">1.1. \u0160\u012b Priv\u0101tuma politika apraksta, k\u0101 SIA \u201cYOT\u201d, re\u0123. nr. 50203652841, juridisk\u0101 adrese: Ener\u0123\u0113ti\u0137u iela 7 - 17,Salaspils, LV-2121 (turpm\u0101k \u2014 \u201cDatu p\u0101rzinis\u201d vai \u201cM\u0113s\u201d), ieg\u016bst, apstr\u0101d\u0101 un glab\u0101 personas datus, ko ieg\u016bst no saviem klientiem un person\u0101m, kas apmekl\u0113 interneta vietni <a href=\"https:\/\/yotstore.eu\/lv\/\" target=\"_self\" style=\"text-decoration: underline\">www.yotstore.eu<\/a> (turpm\u0101k \u2014 \u201cDatu subjekts\u201d vai \u201cJ\u016bs\u201d).<\/p><p>1.2. Personas dati ir jebkura inform\u0101cija, kas attiecas uz identific\u0113jamu fizisku personu. Datu apstr\u0101de ir jebkura darb\u012bba ar \u0161\u0101diem datiem, piem\u0113ram, datu v\u0101k\u0161ana, re\u0123istr\u0113\u0161ana, glab\u0101\u0161ana, izpau\u0161ana vai dz\u0113\u0161ana.<\/p><p>1.3. Datu p\u0101rzinis iev\u0113ro Visp\u0101r\u012bg\u0101s datu aizsardz\u012bbas regulas (Regula (ES) 2016\/679) principus un piem\u0113rojamos Latvijas Republikas ties\u012bbu aktus.<\/p><h3>2. PERSONAS DATU IEG\u016a\u0160ANA, APSTR\u0100DE UN GLAB\u0100\u0160ANA<\/h3><p>2.1. Datu p\u0101rzinis ieg\u016bst personas datus, kad J\u016bs:<\/p><ul><li>veicat pas\u016bt\u012bjumu interneta veikal\u0101;<\/li><li>sazin\u0101ties ar mums pa e-pastu;<\/li><li>piesak\u0101ties jaunumiem vai cit\u0101m m\u0101rketinga aktivit\u0101t\u0113m.<\/li><\/ul><p class=\"translation-block\">2.2. Izmantojot <a href=\"https:\/\/yotstore.eu\/lv\/\" target=\"_self\" style=\"text-decoration: underline\">www.yotstore.eu<\/a> pakalpojumus, J\u016bs piekr\u012btat, ka sniegtie personas dati tiks apstr\u0101d\u0101ti \u0161aj\u0101 politik\u0101 noteiktajiem m\u0113r\u0137iem.<\/p><p>2.3. J\u016bs esat atbild\u012bgs par iesniegto datu pareiz\u012bbu un piln\u012bgumu. Nepatiesas inform\u0101cijas snieg\u0161ana tiek uzskat\u012bta par p\u0101rk\u0101pumu. Ja J\u016bsu personas dati main\u0101s, l\u016bdzam nekav\u0113joties inform\u0113t Datu p\u0101rzini.<\/p><p>2.4. Datu p\u0101rzinis neatbild par zaud\u0113jumiem, kas radu\u0161ies neprec\u012bzu vai nepiln\u012bgu datu snieg\u0161anas rezult\u0101t\u0101.<\/p><h3>3. KLIENTU PERSONAS DATU APSTR\u0100DE<strong>\u00a0<\/strong><\/h3><p>3.1. M\u0113s varam apstr\u0101d\u0101t \u0161\u0101dus personas datus:<\/p><ul><li>V\u0101rds, uzv\u0101rds;<\/li><li>Dzim\u0161anas datums (ja nepiecie\u0161ams, piem\u0113ram, vecuma ierobe\u017eojumiem);<\/li><li>Kontaktinform\u0101cija: e-pasts, t\u0101lrunis;<\/li><li>Pas\u016bt\u012bjuma dati: ieg\u0101d\u0101t\u0101s preces, adrese, cena, maks\u0101juma inform\u0101cija;<\/li><li>Jebkura cita inform\u0101cija, ko sniedzat sazi\u0146as laik\u0101.<\/li><\/ul><p>3.2. Mums ir ties\u012bbas p\u0101rbaud\u012bt datu precizit\u0101ti, izmantojot publiskus re\u0123istrus, ja tas nepiecie\u0161ams likum\u012bgu intere\u0161u aizsardz\u012bbai.<\/p><p>3.3. Personas datu apstr\u0101des juridiskais pamats ir Regulas 6. panta 1. punkta a), b), c) un f) apak\u0161punkti:<\/p><ul><li>a) J\u016bsu piekri\u0161ana;<\/li><li>b) L\u012bguma izpilde vai pas\u0101kumi pirms l\u012bguma;<\/li><li>c) Juridiska pien\u0101kuma izpilde;<\/li><li>f) Le\u0123it\u012bmas intereses (piem\u0113ram, s\u016bt\u012bjumu apstr\u0101de, klientu atbalsts).<\/li><\/ul><p>3.4 Datu p\u0101rzinis apstr\u0101d\u0101 un glab\u0101 Datu subjekta personas datus tikai tik ilgi, kam\u0113r past\u0101v vismaz viens no \u0161\u0101diem glab\u0101\u0161anas pamatojumiem:<\/p><ul><li>Dati ir nepiecie\u0161ami nol\u016bkam, k\u0101dam tie tika v\u0101kti (l\u012bguma vai pakalpojuma izpildei);<\/li><li>Datu glab\u0101\u0161ana ir noteikta \u0101r\u0113jos normat\u012bvajos aktos (piem\u0113ram, Gr\u0101matved\u012bbas likums);<\/li><li>Datu glab\u0101\u0161ana ir nepiecie\u0161ama le\u0123it\u012bmu intere\u0161u nodro\u0161in\u0101\u0161anai, piem\u0113ram, str\u012bdu risin\u0101\u0161anas period\u0101;<\/li><li>Ir sp\u0113k\u0101 Datu subjekta piekri\u0161ana datu apstr\u0101dei, ja nepast\u0101v cits likum\u012bgs pamats.<\/li><\/ul><p>Izbeidzoties \u0161iem apst\u0101k\u013ciem, personas dati tiek neatgriezeniski dz\u0113sti vai anonimiz\u0113ti.<\/p><p class=\"translation-block\">3.5. Lai pild\u012btu savas saist\u012bbas pret Jums, Datu p\u0101rzinim ir ties\u012bbas nodot J\u016bsu personas datus sadarb\u012bbas partneriem, datu apstr\u0101d\u0101t\u0101jiem, kas veic nepiecie\u0161amo datu apstr\u0101di m\u016bsu uzdevum\u0101, piem\u0113ram, gr\u0101matve\u017eiem, kurjerdienestiem u.c. Datu apstr\u0101d\u0101t\u0101js ir personas datu p\u0101rzinis. Maks\u0101jumu apstr\u0101di nodro\u0161ina maks\u0101jumu platforma <a href=\"https:\/\/makecommerce.lv\" style=\"text-decoration: underline\" target=\"_blank\">makecommerce.lv<\/a>, t\u0101p\u0113c m\u016bsu uz\u0146\u0113mums maks\u0101jumu izpildei nepiecie\u0161amos personas datus nodod platformas \u012bpa\u0161niekam Maksekeskus AS.<\/p><p>P\u0113c piepras\u012bjuma m\u0113s varam nodot J\u016bsu personas datus valsts un ties\u012bbsarg\u0101jo\u0161aj\u0101m iest\u0101d\u0113m, lai nepiecie\u0161am\u012bbas gad\u012bjum\u0101 aizst\u0101v\u0113tu savas juridisk\u0101s intereses, sast\u0101dot, iesniedzot un aizst\u0101vot juridiskas pras\u012bbas.<\/p><p>3.6. M\u0113s neiev\u0101cam un neuzglab\u0101jam inform\u0101ciju par debetkart\u0113m un kred\u012btkart\u0113m. M\u0113s varam nodot datus t\u0101l\u0101k \u0161\u0101d\u0101m tre\u0161aj\u0101m pus\u0113m, lai izpild\u012btu saist\u012bbas:<\/p><ul><li>maks\u0101jumu pakalpojumu sniedz\u0113jiem: Maksekeskus AS;<\/li><li>lo\u0123istikas partneriem: Omniva, Venipak un citi kurjeri;<\/li><li>gr\u0101matve\u017eiem un IT atbalstam;<\/li><li>valsts iest\u0101d\u0113m, ja tas nepiecie\u0161ams likuma ietvaros.<\/li><\/ul><p>3.7. Datu p\u0101rzinis nodro\u0161ina piem\u0113rotus tehniskus un organizatoriskus dro\u0161\u012bbas pas\u0101kumus, lai aizsarg\u0101tu J\u016bsu personas datus no nesankcion\u0113tas piek\u013cuves, nopl\u016bdes, izmai\u0146\u0101m vai izn\u012bcin\u0101\u0161anas.<\/p><h3>4. DATU SUBJEKTA TIES\u012aBAS<\/h3><p><span style=\"font-size: 14px;\">4.1. Saska\u0146\u0101 ar GDPR un Latvijas likumiem Jums ir ties\u012bbas:<\/span><\/p><ul><li>piek\u013c\u016bt saviem personas datiem;<\/li><li>sa\u0146emt inform\u0101ciju par to apstr\u0101di;<\/li><li>piepras\u012bt labot nepareizus, neprec\u012bzus vai nepiln\u012bgus personas datus;<\/li><li>piepras\u012bt savu personas datu dz\u0113\u0161anu (\u201cties\u012bbas tikt aizmirstam\u201d);<\/li><li>atsaukt iepriek\u0161 sniegto piekri\u0161anu personas datu apstr\u0101dei;<\/li><li>piepras\u012bt ierobe\u017eot savu personas datu apstr\u0101di;<\/li><li>iesniegt s\u016bdz\u012bbu Datu valsts inspekcij\u0101.<\/li><\/ul><p>4.2. Piepras\u012bjumu savu ties\u012bbu \u012bsteno\u0161anai var iesniegt:<\/p><ul><li class=\"translation-block\">elektroniski, nos\u016btot piepras\u012bjumu uz e-pastu: <a href=\"mailto:info@yotstore.eu\" target=\"_self\" style=\"text-decoration: underline\">info@yotstore.eu<\/a><\/li><\/ul><h3><span style=\"font-size: 1.5rem;\">5. NOBEIGUMA NOTEIKUMI\u00a0<\/span><\/h3><div>5.1. \u0160\u012b Priv\u0101tuma politika izstr\u0101d\u0101ta saska\u0146\u0101 ar Regulu (ES) 2016\/679 (Visp\u0101r\u012bg\u0101 datu aizsardz\u012bbas regula), Latvijas likumiem un saist\u012btajiem normat\u012bvajiem aktiem.<\/div><p class=\"translation-block\">5.2. Datu p\u0101rzinim ir ties\u012bbas jebkur\u0101 laik\u0101 veikt izmai\u0146as vai papildin\u0101jumus priv\u0101tuma politik\u0101 bez iepriek\u0161\u0113ja br\u012bdin\u0101juma. Izmai\u0146as st\u0101jas sp\u0113k\u0101 ar to public\u0113\u0161anu m\u0101jaslap\u0101 <a href=\"https:\/\/yotstore.eu\/lv\/\" target=\"_self\" style=\"text-decoration: underline\">www.yotstore.eu<\/a><\/p>\t\t\t\t\t\t\t\t<\/div>\n\t\t\t\t\t<\/div>\n\t\t\t\t<\/div>\n\t\t\t\t<\/div>","protected":false},"excerpt":{"rendered":"<p>PRIVACY POLICY \u00a0 \u00a0 1. GENERAL PROVISIONS 1.1. This Privacy Policy describes how SIA \u201cYOT\u201d, registration number 50203652841, registered address: Ener\u0123\u0113ti\u0137u iela 7-17, Salaspils, LV-2121 (hereinafter \u2014 the \u201cData Controller\u201d, \u201cwe\u201d, or \u201cus\u201d), collects, processes, and stores personal data obtained from its customers and from individuals visiting the website www.yotstore.eu\u00a0(hereinafter \u2014 the \u201cData Subject\u201d or [&hellip;]<\/p>\n","protected":false},"author":4,"featured_media":0,"parent":3543,"menu_order":0,"comment_status":"closed","ping_status":"closed","template":"","meta":{"_acf_changed":false,"footnotes":""},"class_list":["post-3571","page","type-page","status-publish","hentry"],"acf":[],"_links":{"self":[{"href":"https:\/\/yotstore.eu\/lv\/wp-json\/wp\/v2\/pages\/3571","targetHints":{"allow":["GET"]}}],"collection":[{"href":"https:\/\/yotstore.eu\/lv\/wp-json\/wp\/v2\/pages"}],"about":[{"href":"https:\/\/yotstore.eu\/lv\/wp-json\/wp\/v2\/types\/page"}],"author":[{"embeddable":true,"href":"https:\/\/yotstore.eu\/lv\/wp-json\/wp\/v2\/users\/4"}],"replies":[{"embeddable":true,"href":"https:\/\/yotstore.eu\/lv\/wp-json\/wp\/v2\/comments?post=3571"}],"version-history":[{"count":0,"href":"https:\/\/yotstore.eu\/lv\/wp-json\/wp\/v2\/pages\/3571\/revisions"}],"up":[{"embeddable":true,"href":"https:\/\/yotstore.eu\/lv\/wp-json\/wp\/v2\/pages\/3543"}],"wp:attachment":[{"href":"https:\/\/yotstore.eu\/lv\/wp-json\/wp\/v2\/media?parent=3571"}],"curies":[{"name":"wp","href":"https:\/\/api.w.org\/{rel}","templated":true}]}}