{"id":3569,"date":"2025-10-20T19:50:59","date_gmt":"2025-10-20T16:50:59","guid":{"rendered":"https:\/\/yotstore.eu\/?page_id=3569"},"modified":"2026-04-06T18:42:17","modified_gmt":"2026-04-06T15:42:17","slug":"terms-conditons","status":"publish","type":"page","link":"https:\/\/yotstore.eu\/lv\/policies\/terms-conditons\/","title":{"rendered":"Noteikumi un Nosac\u012bjumi"},"content":{"rendered":"<div data-elementor-type=\"wp-page\" data-elementor-id=\"3569\" class=\"elementor elementor-3569\" data-elementor-post-type=\"page\">\n\t\t\t\t<div class=\"elementor-element elementor-element-a00f4ce e-flex e-con-boxed e-con e-parent\" data-id=\"a00f4ce\" data-element_type=\"container\" data-e-type=\"container\">\n\t\t\t\t\t<div class=\"e-con-inner\">\n\t\t\t\t<div class=\"elementor-element elementor-element-5d09e35 elementor-widget elementor-widget-text-editor\" data-id=\"5d09e35\" data-element_type=\"widget\" data-e-type=\"widget\" data-widget_type=\"text-editor.default\">\n\t\t\t\t\t\t\t\t\t<h1 style=\"text-align: center;\">NOTEIKUMI UN NOSAC\u012aJUMI<\/h1><p><strong>\u00a0<\/strong><\/p><p><strong>\u00a0<\/strong><\/p><p class=\"translation-block\">SIA \u201cYOT\u201d, re\u0123. Nr. 50203652841, adrese: Ener\u0123\u0113ti\u0137u iela 7 - 17, Salaspils, LV-2121, turpm\u0101k \u2014 \u201cinternetveikals\u201d vai \u201cM\u0113s\u201d \u2014 nodro\u0161ina m\u0101jaslap\u0101 <a href=\"https:\/\/yotstore.eu\/lv\/\" target=\"_self\" style=\"text-decoration: underline\">www.yotstore.eu<\/a> pieejamo saturu un sniedz preces\/pakalpojumus saska\u0146\u0101 ar zem\u0101k izkl\u0101st\u012btajiem Noteikumiem un nosac\u012bjumiem..<\/p><h3>\u00a0<\/h3><h3>VISP\u0100R\u012aGIE NOTEIKUMI<\/h3><p>Ja pat\u0113r\u0113t\u0101js, izmantojot m\u0101jas lapas starpniec\u012bbu, ieg\u0101d\u0101jas preces\/pakalpojumus, tad \u0161\u0101da savstarp\u0113ja vieno\u0161an\u0101s tiek uzskat\u012bta par Distances l\u012bgumu un ir pak\u013cauta Latvijas Republikas ties\u012bbu norm\u0101m, kas regul\u0113 distances l\u012bgumu, tai skait\u0101, bet ne tikai, Latvijas Republikas \u201ePat\u0113r\u0113t\u0101ju ties\u012bbu aizsardz\u012bbas likumam\u201d, Latvijas Republikas Ministru Kabineta noteikumiem \u201eNoteikumi par distances l\u012bgumu\u201d u.c.<\/p><h3>\u00a0<\/h3><h3>PIRKUMU VEIK\u0160ANA<\/h3><p>Interneta veikal\u0101 p\u0101rdoto produktu cenas un specifik\u0101cija ir nor\u0101d\u012btas blakus produktiem.<br \/>Lai veiktu pas\u016bt\u012bjumu, pievienojiet v\u0113lamos produktus iepirkumu grozam. Aizpildiet visus nepiecie\u0161amos laukus un izv\u0113lieties piem\u0113rot\u0101ko pieg\u0101des veidu. Pas\u016bt\u012bjuma kop\u0113j\u0101s izmaksas ar pieg\u0101di p\u0113c tam tiek par\u0101d\u012btas uz ekr\u0101na. Veiciet pirkuma apmaksu, lai pabeigtu pas\u016bt\u012bjumu.<\/p><h3>\u00a0<\/h3><h3>APMAKSAS NOTEIKUMI<\/h3><p>Nor\u0113\u0137inu val\u016bta vietn\u0113 ir Eiro (EUR).<br \/>Pirkumu iesp\u0113jams apmaks\u0101t izv\u0113loties sekojo\u0161as maks\u0101jumu metodes, ko nodro\u0161ina maks\u0101jumu platforma makecommerce.lv , Maksekeskus AS:<\/p><ul><li>Online banking payments (Latvia): Swedbank, SEB, Citadele and Luminor<\/li><li>Online banking payments (Estonia): Swedbank, SEB, Citadele and \u00a0Luminor<\/li><li>Online banking payments (Lithuania): Swedbank, SEB, Citadele and Luminor<\/li><li>Visa\/Mastercard kar\u0161u maks\u0101jumi<\/li><\/ul><p><span style=\"font-family: var( --e-global-typography-text-font-family ), Sans-serif; font-size: var( --e-global-typography-text-font-size ); text-align: var(--text-align);\">NB! Izmantojot internetbanku apmaksas metodi, apstipriniet pas\u016bt\u012bjumu un noklik\u0161\u0137iniet uz pogas \u201cAtgriezties pie tirgot\u0101ja\u201d.<\/span><\/p><p><span style=\"font-family: var( --e-global-typography-text-font-family ), Sans-serif; font-size: var( --e-global-typography-text-font-size ); text-align: var(--text-align);\">Personas dati, kas nepiecie\u0161ami maks\u0101jumu veik\u0161anai, tiek nodoti licenc\u0113tai maks\u0101jumu iest\u0101dei Maksekeskus AS.<\/span><\/p><p><span style=\"font-family: var( --e-global-typography-text-font-family ), Sans-serif; font-size: var( --e-global-typography-text-font-size ); text-align: var(--text-align);\">L\u012bgums st\u0101jas sp\u0113k\u0101 l\u012bdz ar veiksm\u012bgu maks\u0101jumu uz internetveikala bankas kontu. Ja k\u0101du iemeslu d\u0113\u013c pas\u016bt\u012bjumu izpild\u012bt neb\u016bs iesp\u0113jams, Pirc\u0113js par to tiks inform\u0113ts un samaks\u0101t\u0101 summa tiks atmaks\u0101ta p\u0113c iesp\u0113jas \u0101tr\u0101k, bet ne v\u0113l\u0101k k\u0101 14 dienu laik\u0101 p\u0113c pazi\u0146ojuma sa\u0146em\u0161anas.<\/span><\/p><p>Visas cenas ir nor\u0101d\u012btas eiro (EUR) val\u016bt\u0101, ieskaitot 21% PVN. M\u0101jaslap\u0101 nor\u0101d\u012bt\u0101s cenas un inform\u0101cija var tikt main\u012btas bez iepriek\u0161\u0113ja br\u012bdin\u0101juma.<\/p><h3>\u00a0<\/h3><h3>PIEG\u0100DES NOTEIKUMI<\/h3><p>Preces tiek pieg\u0101d\u0101tas uz \u0161\u0101d\u0101m valst\u012bm: Latvija, Lietuva, Igaunija.<br \/>Ieg\u0101d\u0101t\u0101s preces tiek pieg\u0101d\u0101tas, izmantojot: Omniva, DPD un Venipak pakom\u0101tu t\u012bklu<br \/>Pieg\u0101des izmaksas tiek par\u0101d\u012btas pirms pas\u016bt\u012bjuma apstiprin\u0101\u0161anas.<\/p><p>Pieg\u0101des izmaksas tiek par\u0101d\u012btas pirms pas\u016bt\u012bjuma apstiprin\u0101\u0161anas.\nPreces tiek pieg\u0101d\u0101tas Pirc\u0113ja nor\u0101d\u012btaj\u0101 adres\u0113 vai izv\u0113l\u0113taj\u0101 pakom\u0101t\u0101 2\u20137 darba dienu laik\u0101.<\/p><p>Ja izv\u0113l\u0113tajai precei pievienota personaliz\u0101cija (piem\u0113ram, v\u0101rda uz\u0161uvums), pieg\u0101des laiks var b\u016bt 10\u201314 dienas.<br \/>Iz\u0146\u0113muma gad\u012bjumos mums ir ties\u012bbas nos\u016bt\u012bt preces l\u012bdz 45 kalend\u0101ra dien\u0101m, par to inform\u0113jot klientu.<\/p><h6>Pieg\u0101de:<\/h6><ul><li>Bezmaksas pieg\u0101de Latvij\u0101 pas\u016bt\u012bjumiem virs 50\u20ac<\/li><li>Bezmaksas pieg\u0101de uz Igauniju un Lietuvu pas\u016bt\u012bjumiem virs 70\u20ac<\/li><\/ul><div>\u00a0<\/div><table><tbody><tr><td width=\"154\"><p style=\"text-align: center;\"><strong>Pakom\u0101ts<\/strong><\/p><\/td><td width=\"154\"><p style=\"text-align: center;\"><strong>Uz Latviju<\/strong><\/p><\/td><td width=\"154\"><p style=\"text-align: center;\"><strong>Uz Lietuvu<\/strong><\/p><\/td><td width=\"154\"><p style=\"text-align: center;\"><strong>Uz Igauniju<\/strong><\/p><\/td><\/tr><tr><td width=\"154\"><p style=\"text-align: center;\">Omniva<\/p><\/td><td width=\"154\"><p style=\"text-align: center;\">3.19 \u20ac<\/p><\/td><td width=\"154\"><p style=\"text-align: center;\">6.49 \u20ac<\/p><\/td><td width=\"154\"><p style=\"text-align: center;\">6.49 \u20ac<\/p><\/td><\/tr><tr><td width=\"154\"><p style=\"text-align: center;\">DPD<\/p><\/td><td width=\"154\"><p style=\"text-align: center;\">2.99 \u20ac<\/p><\/td><td width=\"154\"><p style=\"text-align: center;\">4.99 \u20ac<\/p><\/td><td width=\"154\"><p style=\"text-align: center;\">4.99 \u20ac<\/p><\/td><\/tr><tr><td width=\"154\"><p style=\"text-align: center;\">Venipak<\/p><\/td><td width=\"154\"><p style=\"text-align: center;\">2.99 \u20ac<\/p><\/td><td width=\"154\"><p style=\"text-align: center;\">4.99 \u20ac<\/p><\/td><td width=\"154\"><p style=\"text-align: center;\">4.99 \u20ac<\/p><\/td><\/tr><\/tbody><\/table><p>M\u0113s dar\u0101m visu iesp\u0113jamo, lai nodro\u0161in\u0101tu, ai nodro\u0161in\u0101tu, ka pas\u016bt\u012bjums tiek pieg\u0101d\u0101ts noteiktaj\u0101 termi\u0146\u0101.<\/p><p>Tom\u0113r m\u0113s neuz\u0146emas atbild\u012bbu par pieg\u0101des kav\u0113jumiem vai trauc\u0113jumiem, kas radu\u0161ies apst\u0101k\u013cu d\u0113\u013c, kuri nav m\u016bsu kontrol\u0113. \u0160\u0101dos gad\u012bjumos m\u0113s ap\u0146emamies iesp\u0113jami \u0101tri inform\u0113t klientu par kav\u0113juma iemesliem un iesp\u0113jamo pieg\u0101des laiku.<\/p><h3>\u00a0<\/h3><h3>ATGRIE\u0160ANA UN ATTEIKUMA TIES\u012aBAS<\/h3><p>Pirc\u0113jam ir ties\u012bbas atteikties no preces 14 kalend\u0101ro dienu laik\u0101 no Preces sa\u0146em\u0161anas br\u012b\u017ea, saska\u0146\u0101 ar Latvijas Republikas likumdo\u0161anu.<\/p><p>Atteikuma ties\u012bbas nav piem\u0113rojamas, ja Pirc\u0113js ir juridiska persona.<\/p><p>Lai izmantotu atteikuma ties\u012bbas, prece dr\u012bkst b\u016bt lietota tikai t\u0101s paredz\u0113tajam m\u0113r\u0137im, un Pirc\u0113jam ir j\u0101nodro\u0161ina preces kvalit\u0101tes un dro\u0161uma saglab\u0101\u0161ana.<\/p><p>Ja prece ir izmantota neatbilsto\u0161i vai boj\u0101ta, p\u0101rdev\u0113js var samazin\u0101t atmaks\u0101jamo summu.<\/p><p class=\"translation-block\">Atteikuma veidlapa j\u0101nos\u016bta uz e-pastu: <a href=\"mailto:info@yotstore.eu\" target=\"_self\" style=\"text-decoration: underline\">info@yotstore.eu<\/a><\/p><p>Preces j\u0101atgrie\u017e 14 dienu laik\u0101 p\u0113c atteikuma iesnieg\u0161anas.<\/p><p>Pirc\u0113js sedz preces atgrie\u0161anas izmaksas, iz\u0146emot, ja prece nav atbilsto\u0161a pas\u016bt\u012bjumam.<\/p><p>Preces j\u0101atgrie\u017e 14 dienu laik\u0101 p\u0113c atteikuma iesnieg\u0161anas.<\/p><p>P\u0101rdev\u0113jam ir ties\u012bbas aiztur\u0113t atmaksu, l\u012bdz tiek sa\u0146emta prece vai t\u0101s atgrie\u0161anas apliecin\u0101jums.<\/p><p>P\u0101rdev\u0113js nav atbild\u012bgs par kav\u0113\u0161anos ar saist\u012bbu izpildi vai to nepild\u012b\u0161anu, vai cita veida neizpildi, kas radusies t\u0101du apst\u0101k\u013cu un \u0161\u0137\u0113r\u0161\u013cu d\u0113\u013c, kuri ir \u0101rpus internetveikala sapr\u0101t\u012bgas kontroles.<\/p><p>Pat\u0113r\u0113t\u0101jam nav ties\u012bbu izmantot atteikuma ties\u012bbas, ja prece izgatavota p\u0113c individu\u0101la pas\u016bt\u012bjuma vai personaliz\u0113ta.<\/p><h3>\u00a0<\/h3><h3><span style=\"font-size: 1.5rem;\">PAT\u0112R\u0112T\u0100JA TIES\u012aBAS PAR L\u012aGUMAM NEATBILSTO\u0160U PRECI<\/span><\/h3><p>P\u0101rdev\u0113js ir atbild\u012bgs par neatbilst\u012bbu l\u012bgumam 6 m\u0113ne\u0161u laik\u0101 no pieg\u0101des dienas.<\/p><p>S\u016bdz\u012bba j\u0101iesniedz 2 m\u0113ne\u0161u laik\u0101 p\u0113c neatbilst\u012bbas konstat\u0113\u0161anas.<\/p><p class=\"translation-block\">S\u016bdz\u012bbas s\u016bt\u012bt uz: <a href=\"mailto:info@yotstore.eu\" target=\"_self\" style=\"text-decoration: underline\">info@yotstore.eu<\/a><\/p><p>P\u0101rdev\u0113js uz pat\u0113r\u0113t\u0101ja s\u016bdz\u012bbu sniedz  atbildi 15 dienu laik\u0101.<\/p><h3>\u00a0<\/h3><h3>PIRC\u0112JA PERSONAS DATU APSTR\u0100DE<\/h3><p>P\u0101rdev\u0113js apstr\u0101d\u0101 tikai tos personas datus, kurus Pirc\u0113js nor\u0101d\u012bjis pre\u010du pas\u016bt\u012b\u0161anas laik\u0101 (v\u0101rds, uzv\u0101rds, e-pasta adrese u.c.).<\/p><p>Lai nodro\u0161in\u0101tu pre\u010du pieg\u0101di, P\u0101rdev\u0113js var nodot Pirc\u0113ja personas datus attiec\u012bgajam transporta pakalpojuma sniedz\u0113jam.<\/p><p>Ja Pirc\u0113js piekritis sa\u0146emt m\u0101rketinga pazi\u0146ojumus, P\u0101rdev\u0113js var laiku pa laikam sazin\u0101ties ar Pirc\u0113ju, nos\u016btot inform\u0101ciju par saviem pakalpojumiem un aktu\u0101lajiem pied\u0101v\u0101jumiem. \u0160im nol\u016bkam tiek apstr\u0101d\u0101ta Pirc\u0113ja e-pasta adrese.<\/p><p class=\"translation-block\">Pirc\u0113jam ir ties\u012bbas atteikties no m\u0101rketinga pazi\u0146ojumu sa\u0146em\u0161anas, rakstot uz e-pastu: <a href=\"mailto:info@yotstore.eu\" target=\"_self\" style=\"text-decoration: underline\">info@yotstore.eu<\/a><\/p><h3>\u00a0<\/h3><h3>STR\u012aDU IZ\u0160\u0136IR\u0160ANAS K\u0100RT\u012aBA<\/h3><p>Ja rodas domstarp\u012bbas, t\u0101s risin\u0101mas p\u0101rrunu ce\u013c\u0101.<\/p><p>Ja tas nav iesp\u0113jams \u2013 Latvijas Republikas ties\u0101 vai ar PTAC starpniec\u012bbu. Pirc\u0113jam ir ties\u012bbas v\u0113rsties ar\u012b Eiropas Savien\u012bbas str\u012bdu iz\u0161\u0137ir\u0161anas iest\u0101d\u0113s<\/p><h3>\u00a0<\/h3><h3>PRE\u010cU PIEEJAM\u012aBA<\/h3><p>Preces ir pieejamas un cenas ir sp\u0113k\u0101, kam\u0113r t\u0101s ir redzamas m\u0101jaslap\u0101.<br \/>Nor\u0101des par pre\u010du pieejam\u012bbu ir pieejamas pas\u016bt\u012b\u0161anas procesa laik\u0101.<\/p><p>\u0100rk\u0101rtas gad\u012bjumos var rasties k\u013c\u016bdas vai izmai\u0146as, un \u0161\u0101d\u0101 situ\u0101cij\u0101 klients tiks inform\u0113ts pa e-pastu, un m\u0113s cent\u012bsimies izpild\u012bt pas\u016bt\u012bjumu p\u0113c iesp\u0113jas izdev\u012bg\u0101k\u0101 veid\u0101.<\/p><h3>\u00a0<\/h3><h3>KR\u0100SAS UN ATT\u0112LI<\/h3><p>M\u0113s cen\u0161amies p\u0113c iesp\u0113jas prec\u012bz\u0101k att\u0113lot produktu kr\u0101sas un \u012bpa\u0161\u012bbas.<br \/>Tom\u0113r pirc\u0113jam ir j\u0101r\u0113\u0137in\u0101s ar to, ka pre\u010du kr\u0101sa un vizu\u0101lais izskats var at\u0161\u0137irties no ekr\u0101n\u0101 redzam\u0101, ko ietekm\u0113 monitora vai ier\u012bces tehniskie iestat\u012bjumi un apgaismojums.<\/p><p>M\u0113s nevaram sniegt simtprocent\u012bgu garantiju kr\u0101su atbilst\u012bbai un neuz\u0146emamies atbild\u012bbu par \u0161\u012bm vari\u0101cij\u0101m.<\/p>\t\t\t\t\t\t\t\t<\/div>\n\t\t\t\t\t<\/div>\n\t\t\t\t<\/div>\n\t\t\t\t<\/div>","protected":false},"excerpt":{"rendered":"<p>TERMS AND CONDITIONS \u00a0 \u00a0 SIA \u201cYOT\u201d, registration No.\u00a050203652841, address:\u00a0Ener\u0123\u0113ti\u0137u iela 7\u201317, Salaspils, LV-2121, hereinafter referred to as the\u00a0\u201cOnline Store\u201d,\u00a0\u201cwe\u201d, or\u00a0\u201cus\u201d, provides the content available on the website\u00a0www.yotstore.eu\u00a0and supplies goods\/services in accordance with the Terms and Conditions set out below. \u00a0 GENERAL TERMS When a consumer purchases goods or services through this website, such a [&hellip;]<\/p>\n","protected":false},"author":4,"featured_media":0,"parent":3543,"menu_order":0,"comment_status":"closed","ping_status":"closed","template":"","meta":{"_acf_changed":false,"footnotes":""},"class_list":["post-3569","page","type-page","status-publish","hentry"],"acf":[],"_links":{"self":[{"href":"https:\/\/yotstore.eu\/lv\/wp-json\/wp\/v2\/pages\/3569","targetHints":{"allow":["GET"]}}],"collection":[{"href":"https:\/\/yotstore.eu\/lv\/wp-json\/wp\/v2\/pages"}],"about":[{"href":"https:\/\/yotstore.eu\/lv\/wp-json\/wp\/v2\/types\/page"}],"author":[{"embeddable":true,"href":"https:\/\/yotstore.eu\/lv\/wp-json\/wp\/v2\/users\/4"}],"replies":[{"embeddable":true,"href":"https:\/\/yotstore.eu\/lv\/wp-json\/wp\/v2\/comments?post=3569"}],"version-history":[{"count":3,"href":"https:\/\/yotstore.eu\/lv\/wp-json\/wp\/v2\/pages\/3569\/revisions"}],"predecessor-version":[{"id":7299,"href":"https:\/\/yotstore.eu\/lv\/wp-json\/wp\/v2\/pages\/3569\/revisions\/7299"}],"up":[{"embeddable":true,"href":"https:\/\/yotstore.eu\/lv\/wp-json\/wp\/v2\/pages\/3543"}],"wp:attachment":[{"href":"https:\/\/yotstore.eu\/lv\/wp-json\/wp\/v2\/media?parent=3569"}],"curies":[{"name":"wp","href":"https:\/\/api.w.org\/{rel}","templated":true}]}}